{"id":31,"date":"2020-07-08T18:29:10","date_gmt":"2020-07-08T16:29:10","guid":{"rendered":"http:\/\/www.vfspa.it\/?page_id=31"},"modified":"2021-06-01T16:55:59","modified_gmt":"2021-06-01T14:55:59","slug":"azienda","status":"publish","type":"page","link":"https:\/\/www.vfspa.it\/it\/corporate\/azienda\/","title":{"rendered":"Azienda"},"content":{"rendered":"\n<div class=\"banner-azienda\">\n    <div class=\"container d-flex flex-lg-row flex-column justify-content-end\" style=\"height:100%;\">\n        <div class=\"align-items-center d-flex\">\n            <div class=\"d-block ml-4\">\n                <h5 class=\"banner d-block\">corporate<\/h5>\n                <h1 class=\"banner d-block\">Azienda<\/h1>\n               \n            <\/div>\n        <\/div>\n        <div class=\"d-flex align-self-end ml-auto\">\n            <nav aria-label=\"breadcrumbs\" class=\"rank-math-breadcrumb\"><p><span class=\"last\">Home<\/span><\/p><\/nav>\n        <\/div>\n    <\/div>\n<\/div>\n\n\n\n<div class=\"azienda\">\n    <img decoding=\"async\" data-src=\"\/wp-content\/uploads\/2020\/07\/40.svg\" alt=\"40 anni logo\" class=\"img-40 lazyload\" width=\"450px\" title=\"\" src=\"data:image\/svg+xml;base64,PHN2ZyB3aWR0aD0iMSIgaGVpZ2h0PSIxIiB4bWxucz0iaHR0cDovL3d3dy53My5vcmcvMjAwMC9zdmciPjwvc3ZnPg==\">\n    <div class=\"container\">\n    <div class=\"row\">\n   <div class=\"col\">\n        <div class=\"titoli\">\n            <h5 class=\"d-block\">CORPORATE<\/h5>\n            <h4 class=\"d-block\">VF S.p.A.<\/h4>\n        <\/div>\n    <\/div>\n    <\/div>\n        <div class=\"row azienda-2\">\n            <div class=\"col-md-6 d-flex align-items-center\">\n                <p>Siamo specializzati nella rottamazione di metalli non ferrosi e ferrosi, nella macinazione di cavi elettrici e nella commercializzazione di semilavorati metallici.<br><br>\nLa nostra impresa \u00e8 iniziata nel <b>1980<\/b> e si \u00e8 evoluta nel tempo, sotto la guida del fondatore Francesco Verlato e dei figli Andrea e Lucrezia, attraverso <b>investimenti costanti<\/b>, mirati a consolidarne la presenza sul mercato nazionale ed internazionale.<br><br>\nNella sede di Altavilla Vicentina, le divisioni Rottami e Cavi si integrano con la divisione Semilavorati, in una visione di business a trecentosessanta gradi.<\/p>\n            <\/div>\n\n            <div class=\"col-md-6\">\n                 <img decoding=\"async\" data-src=\"\/wp-content\/uploads\/2020\/11\/azienda-img02b.jpg\" alt=\"foto proprietari\" class=\"foto-azienda lazyload\" title=\"\" src=\"data:image\/svg+xml;base64,PHN2ZyB3aWR0aD0iMSIgaGVpZ2h0PSIxIiB4bWxucz0iaHR0cDovL3d3dy53My5vcmcvMjAwMC9zdmciPjwvc3ZnPg==\" style=\"--smush-placeholder-width: 800px; --smush-placeholder-aspect-ratio: 800\/509;\">\n            <\/div>\n        <\/div>\n        <div class=\"row riga2\" style=\"padding-top:60px;\">\n            <div class=\"col-md-6\">\n                <img decoding=\"async\" data-src=\"\/wp-content\/uploads\/2020\/07\/azienda-img01.jpg\" alt=\"foto azienda\" class=\"foto-azienda-2 lazyload\" title=\"\" src=\"data:image\/svg+xml;base64,PHN2ZyB3aWR0aD0iMSIgaGVpZ2h0PSIxIiB4bWxucz0iaHR0cDovL3d3dy53My5vcmcvMjAwMC9zdmciPjwvc3ZnPg==\" style=\"--smush-placeholder-width: 800px; --smush-placeholder-aspect-ratio: 800\/509;\">\n           <\/div>\n            <div class=\"col-md-6 d-flex align-items-center\" \"=\"\">\n            <p>Il nostro elemento di forza \u00e8 la capacit\u00e0 di combinare la <b>qualit\u00e0 <\/b>del prodotto con un <b>servizio<\/b> ai massimi livelli: siamo cos\u00ec diventati un punto di riferimento per importanti realt\u00e0 industriali italiane ed estere.<br><br>Abbiamo fondato la nostra realt\u00e0 su valori forti e condivisi: know-how, fiducia, rispetto e trasparenza nelle relazioni con clienti e fornitori. <br>\n            Riteniamo tali valori indispensabili per raggiungere gli obiettivi di eccellenza che ci siamo prefissati, per essere impresa responsabile sul piano <b>etico, sociale ed ambientale<\/b>. Da sempre, il nostro impegno \u00e8 rivolto a <b>creare sinergia<\/b> tra attivit\u00e0 aziendale e sostenibilit\u00e0 ambientale e a dare un contributo virtuoso all\u2019economia circolare, attraverso la raccolta, il recupero e la rivendita di materiali metallici.\n            <\/p>\n            <\/div>\n        <\/div>\n    <\/div>\n<\/div>\n\n\n\n<div class=\"container-fluid numeri\" style=\"padding:80px 0 180px 0;\">\n    <h6 class=\"titoletto text-white mx-auto text-center\">VF S.p.A.<\/h6>\n       <h2 class=\"text-center text-white\">I NOSTRI NUMERI<\/h2>\n<div class=\"container\" style=\"padding:20px 0;\">\n    <div class=\"row justify-content-center\">\n        <div class=\"col-md-4 col-sm-6 align-items-center d-inline-flex justify-content-center\">\n            <div class=\"d-flex justify-content-end icona\"><img decoding=\"async\" data-src=\"\/wp-content\/uploads\/2020\/07\/ingranaggio.svg\" alt=\"icona ingranaggio\" width=\"60px\" height=\"60px\" title=\"\" src=\"data:image\/svg+xml;base64,PHN2ZyB3aWR0aD0iMSIgaGVpZ2h0PSIxIiB4bWxucz0iaHR0cDovL3d3dy53My5vcmcvMjAwMC9zdmciPjwvc3ZnPg==\" class=\"lazyload\" style=\"--smush-placeholder-width: 60px; --smush-placeholder-aspect-ratio: 60\/60;\"><\/div>\n            <div class=\"text-center testo-icona\">\n                <span class=\"counter\" data-count-from=\"0\" data-count-to=\"40\" data-count-speed=\"10\"> &nbsp;<\/span>\n                <div class=\"text-center testo-numeri\">Anni di esperienza <br>nel settore<\/div>\n            <\/div>\n        <\/div>\n        <div class=\"col-md-4 col-sm-6 align-items-center d-inline-flex justify-content-center\">\n            <div class=\"d-flex justify-content-end icona\"><img decoding=\"async\" data-src=\"\/wp-content\/uploads\/2020\/07\/ingranaggio.svg\" alt=\"icona ingranaggio\" width=\"60px\" height=\"60px\" title=\"\" src=\"data:image\/svg+xml;base64,PHN2ZyB3aWR0aD0iMSIgaGVpZ2h0PSIxIiB4bWxucz0iaHR0cDovL3d3dy53My5vcmcvMjAwMC9zdmciPjwvc3ZnPg==\" class=\"lazyload\" style=\"--smush-placeholder-width: 60px; --smush-placeholder-aspect-ratio: 60\/60;\"><\/div>\n            <div class=\"text-center testo-icona\">\n                <span class=\"counter\" data-count-from=\"0\" data-count-to=\"27000\" data-count-speed=\"6750\"> &nbsp;<\/span>\n                <div class=\"text-center testo-numeri\">Metri quadri di <br>stabilimenti<\/div>\n            <\/div>\n        <\/div>\n    <\/div>\n    <div class=\"row justify-content-center\" style=\"padding-top:40px;\">\n        <div class=\"col-md-4 col-sm-6 align-items-center d-inline-flex justify-content-center\">\n            <div class=\"d-flex justify-content-end icona\"><img decoding=\"async\" data-src=\"\/wp-content\/uploads\/2020\/07\/ingranaggio.svg\" alt=\"icona ingranaggio\" width=\"60px\" height=\"60px\" title=\"\" src=\"data:image\/svg+xml;base64,PHN2ZyB3aWR0aD0iMSIgaGVpZ2h0PSIxIiB4bWxucz0iaHR0cDovL3d3dy53My5vcmcvMjAwMC9zdmciPjwvc3ZnPg==\" class=\"lazyload\" style=\"--smush-placeholder-width: 60px; --smush-placeholder-aspect-ratio: 60\/60;\"><\/div>\n            <div class=\"testo-icona text-center\">\n                <span class=\"counter\" data-count-from=\"0\" data-count-to=\"6000\" data-count-speed=\"1500\"> &nbsp;<\/span><span class=\"testo-t d-inline-block ml-2\">t<\/span>\n                <div class=\"text-center testo-numeri\">di rottami <br>movimentati\/mese<\/div>\n            <\/div>\n        <\/div>\n        <div class=\"col-md-4 col-sm-6 align-items-center d-inline-flex justify-content-center\">\n            <div class=\"d-flex justify-content-end icona\"><img decoding=\"async\" data-src=\"\/wp-content\/uploads\/2020\/07\/ingranaggio.svg\" alt=\"icona ingranaggio\" width=\"60px\" height=\"60px\" title=\"\" src=\"data:image\/svg+xml;base64,PHN2ZyB3aWR0aD0iMSIgaGVpZ2h0PSIxIiB4bWxucz0iaHR0cDovL3d3dy53My5vcmcvMjAwMC9zdmciPjwvc3ZnPg==\" class=\"lazyload\" style=\"--smush-placeholder-width: 60px; --smush-placeholder-aspect-ratio: 60\/60;\"><\/div>\n            <div class=\"testo-icona text-center\">\n                <span class=\"counter\" data-count-from=\"0\" data-count-to=\"1000\" data-count-speed=\"250\"> &nbsp;<\/span><span class=\"testo-t d-inline-block ml-2\">t<\/span>\n                <div class=\"text-center testo-numeri\">di cavi <br>macinati\/mese<\/div>\n            <\/div>\n        <\/div>\n        <div class=\"col-md-4 col-sm-6 align-items-center d-inline-flex justify-content-center\">\n            <div class=\"icona d-flex justify-content-end\"><img decoding=\"async\" data-src=\"\/wp-content\/uploads\/2020\/07\/ingranaggio.svg\" alt=\"icona ingranaggio\" width=\"60px\" height=\"60px\" title=\"\" src=\"data:image\/svg+xml;base64,PHN2ZyB3aWR0aD0iMSIgaGVpZ2h0PSIxIiB4bWxucz0iaHR0cDovL3d3dy53My5vcmcvMjAwMC9zdmciPjwvc3ZnPg==\" class=\"lazyload\" style=\"--smush-placeholder-width: 60px; --smush-placeholder-aspect-ratio: 60\/60;\"><\/div>\n            <div class=\"testo-icona text-center\">\n                <span class=\"counter\" data-count-from=\"0\" data-count-to=\"1000\" data-count-speed=\"250\"> &nbsp;<\/span><span class=\"testo-t d-inline-block ml-2\">t<\/span>\n                <div class=\"text-center testo-numeri\">di semilavorati metallici venduti\/mese<\/div>\n            <\/div>\n        <\/div>\n    <\/div>\n<\/div>\n<\/div>\n\n\n\n<div class=\"container negativo\">\n    <div class=\"row\">\n        <div class=\"col-md-4 align-items-center d-inline-flex\">\n            <div class=\"align-items-center d-inline-flex flex-fill\">\n                <div class=\"col-xl-4 col-sm-6\"><img decoding=\"async\" data-src=\"\/wp-content\/uploads\/2020\/07\/app.svg\" alt=\"icona file certificazioni\" width=\"80px\" height=\"80px\" title=\"\" src=\"data:image\/svg+xml;base64,PHN2ZyB3aWR0aD0iMSIgaGVpZ2h0PSIxIiB4bWxucz0iaHR0cDovL3d3dy53My5vcmcvMjAwMC9zdmciPjwvc3ZnPg==\" class=\"lazyload\" style=\"--smush-placeholder-width: 80px; --smush-placeholder-aspect-ratio: 80\/80;\"><\/div>\n                <div class=\"col-md-8 col-sm-6\">\n                        <h3 class=\"text-white\">Calcolatore peso<br>tubi e profili<\/h3>\n                <\/div>\n            <\/div>\n        <\/div>\n        <div class=\"col-md-5 align-items-center d-inline-flex\">\n            <div class=\"align-items-center d-inline-flex flex-fill\">\n               <p class=\"text-white pad-40\">Vuoi calcolare in modo pratico e veloce il peso dei semilavorati di cui hai bisogno per il tuo progetto? Accedi al nostro calcolatore online!<\/p>\n            <\/div>\n        <\/div>\n        <div class=\"col-md-3 align-items-center justify-content-end d-inline-flex\">\n            <div class=\"justify-content-center\">\n                <a href=\"\/calcolatore-peso-volumi\/\" class=\"btn-calcolatore-az\"> VAI AL CALCOLATORE<\/a>\n            <\/div>\n        <\/div>\n    <\/div>\n<\/div>\n\n\n\n<div class=\"documenti\">\n    <div class=\"container\">\n        <div class=\"row\">\n            <div class=\"col-md-12\">\n                <div class=\"titoli\">\n                    <h5 class=\"d-block\">CORPORATE<\/h5>\n                    <h4 class=\"d-block\">Documenti<\/h4>\n\n                <\/div>\n            <\/div>\n        <\/div>\n        <div class=\"row\">\n            <div class=\"col-sm-12 pad-doc\">\n                    <div class=\"d-block\">\n                        <img decoding=\"async\" alt=\"icona file certificazioni\" width=\"18px\" height=\"22px\" style=\"--smush-placeholder-width: 18px; --smush-placeholder-aspect-ratio: 18\/22;margin-right:20px;\" title=\"Home 8\" data-src=\"\/wp-content\/uploads\/2020\/07\/file-n.svg\" src=\"data:image\/svg+xml;base64,PHN2ZyB3aWR0aD0iMSIgaGVpZ2h0PSIxIiB4bWxucz0iaHR0cDovL3d3dy53My5vcmcvMjAwMC9zdmciPjwvc3ZnPg==\" class=\"lazyload\">\n                        <a href=\"\/documenti\/Reg333n.%20IT13-1169.pdf\" target=\"_blank\" class=\"doc\" rel=\"noopener noreferrer\"> Regolamento UE 333\/2011<\/a>\n                    <\/div>\n                    <div class=\"d-block\">\n                        <img decoding=\"async\" alt=\"icona file certificazioni\" width=\"18px\" height=\"22px\" style=\"--smush-placeholder-width: 18px; --smush-placeholder-aspect-ratio: 18\/22;margin-right:20px;\" title=\"Home 8\" data-src=\"\/wp-content\/uploads\/2020\/07\/file-n.svg\" src=\"data:image\/svg+xml;base64,PHN2ZyB3aWR0aD0iMSIgaGVpZ2h0PSIxIiB4bWxucz0iaHR0cDovL3d3dy53My5vcmcvMjAwMC9zdmciPjwvc3ZnPg==\" class=\"lazyload\">\n                        <a href=\"\/documenti\/Reg715n.%20IT13-1169.pdf\" target=\"_blank\" class=\"doc\" rel=\"noopener noreferrer\"> Regolamento UE 715\/2013<\/a>\n                    <\/div>\n                    <div class=\"d-block\">\n                        <img decoding=\"async\" alt=\"icona file certificazioni\" width=\"18px\" height=\"22px\" style=\"--smush-placeholder-width: 18px; --smush-placeholder-aspect-ratio: 18\/22;margin-right:20px;\" title=\"Home 8\" data-src=\"\/wp-content\/uploads\/2020\/07\/file-n.svg\" src=\"data:image\/svg+xml;base64,PHN2ZyB3aWR0aD0iMSIgaGVpZ2h0PSIxIiB4bWxucz0iaHR0cDovL3d3dy53My5vcmcvMjAwMC9zdmciPjwvc3ZnPg==\" class=\"lazyload\">\n                        <a href=\"\/documenti\/codice-etico.pdf\" class=\"doc\" target=\"_blank\" rel=\"noopener noreferrer\"> Codice etico<\/a>\n                    <\/div>\n                    <div class=\"d-block\">\n                        <img decoding=\"async\" alt=\"icona file certificazioni\" width=\"18px\" height=\"22px\" style=\"--smush-placeholder-width: 18px; --smush-placeholder-aspect-ratio: 18\/22;margin-right:20px;\" title=\"Home 8\" data-src=\"\/wp-content\/uploads\/2020\/07\/file-n.svg\" src=\"data:image\/svg+xml;base64,PHN2ZyB3aWR0aD0iMSIgaGVpZ2h0PSIxIiB4bWxucz0iaHR0cDovL3d3dy53My5vcmcvMjAwMC9zdmciPjwvc3ZnPg==\" class=\"lazyload\">\n                        <a href=\"\/documenti\/Parte-generale-MOG231.pdf\" target=\"_blank\" class=\"doc\" rel=\"noopener noreferrer\"> Parte Generale MOG 231<\/a>\n                    <\/div>                \n            <\/div>\n            \n        <\/div>\n    <\/div>\n<\/div>\n\n\n\n<div class=\"container-fluid area\" style=\"padding:80px 0 80px 0;\">\n    <div class=\"container\">\n        <div class=\"row align-items-start d-inline-flex \">\n            <div class=\"col-md-6\">\n                <h6 class=\"titoletto text-white text-left\">AREA CLIENTI<\/h6>\n                <h2 class=\"text-white\">Area Riservata<\/h2>\n                <p class=\"text-white\">Entra nel magazzino virtuale di VF e verifica la disponibilit\u00e0 dei prodotti in pronta consegna. Potrai compilare il tuo ordine online e inviarlo, con un semplice click, direttamente al nostro servizio clienti: in breve tempo, riceverai un preventivo dettagliato al tuo indirizzo email.<\/p>\n            <\/div>\n        <div class=\"col-md-5 offset-md-1\">\n                \n<div class=\"form\">\n    <h6 class=\"titoletto text-left\">LOGIN<\/h6>\n    <h3>Accedi&ensp;<span class=\"login-spinner\"><\/span><\/h3>\n    <form>\n        <div class=\"row\">\n          <div class=\"col\">\n            <input type=\"text\" class=\"form-control nome\" id=\"uname\" placeholder=\"Username\">\n          <\/div>\n          <div class=\"col\">\n            <input type=\"password\" class=\"form-control pass\" id=\"psw\"  placeholder=\"Password\">\n          <\/div>\n\n        <\/div>\n          <a class=\"accedi text-white btn btn-success d-block\" onclick=\"login_ajax_box()\" >ACCEDI<\/a>\n      <\/form>\n      <div class=\"link d-flex justify-content-between\">\n        <a href=\"\/password\/\">Hai dimenticato la password?<\/a>\n        <a href=\"\/sign-in\/\">Non sei registrato? Registrati<\/a>\n      <\/div>\n<\/div>\n<script type=\"text\/javascript\">\n    \nvar stillogin = false, stillReset;\n    \n    function login_ajax_box(){\n        if(!stillogin){\n            stillogin = true;\n            jQuery(\".login-spinner\").html('<i class=\"fa fa-spinner fa-spin \"><\/i>&ensp;Accesso in corso...');\n            jQuery.post(\"https:\/\/www.vfspa.it\/wp-admin\/admin-ajax.php\",{\n                action: 'login_vf_mag',\n                uname:jQuery(\"#uname\").val(),\n                psw:jQuery(\"#psw\").val()\n            }, function(res){\n                if(res.result){\n                    document.location.href = \"\/area-riservata\/\";\n                }else{\n                    jQuery(\".login-spinner\").html(res.message);\n                }\n                stillogin = false;\n            },'json').fail(function(){\n                jQuery(\".login-spinner\").html('Errore imprevisto, riprova.');\n                stillogin = false;\n                \n            });\n        }\n    }\n\n<\/script>\n\n            <\/div>\n        <\/div>\n    <\/div>\n<\/div>\n","protected":false},"excerpt":{"rendered":"<p>corporate Azienda CORPORATE VF S.p.A. Siamo specializzati nella rottamazione di metalli non ferrosi e ferrosi, nella macinazione di cavi elettrici e nella commercializzazione di semilavorati metallici. La nostra impresa \u00e8 iniziata nel 1980 e si \u00e8 evoluta nel tempo, sotto la guida del fondatore Francesco Verlato e dei figli Andrea e Lucrezia, attraverso investimenti costanti, [&hellip;]<\/p>\n","protected":false},"author":2,"featured_media":0,"parent":19,"menu_order":0,"comment_status":"closed","ping_status":"closed","template":"templates\/template-full-width.php","meta":{"footnotes":""},"class_list":["post-31","page","type-page","status-publish","hentry"],"_links":{"self":[{"href":"https:\/\/www.vfspa.it\/it\/wp-json\/wp\/v2\/pages\/31","targetHints":{"allow":["GET"]}}],"collection":[{"href":"https:\/\/www.vfspa.it\/it\/wp-json\/wp\/v2\/pages"}],"about":[{"href":"https:\/\/www.vfspa.it\/it\/wp-json\/wp\/v2\/types\/page"}],"author":[{"embeddable":true,"href":"https:\/\/www.vfspa.it\/it\/wp-json\/wp\/v2\/users\/2"}],"replies":[{"embeddable":true,"href":"https:\/\/www.vfspa.it\/it\/wp-json\/wp\/v2\/comments?post=31"}],"version-history":[{"count":83,"href":"https:\/\/www.vfspa.it\/it\/wp-json\/wp\/v2\/pages\/31\/revisions"}],"predecessor-version":[{"id":1288,"href":"https:\/\/www.vfspa.it\/it\/wp-json\/wp\/v2\/pages\/31\/revisions\/1288"}],"up":[{"embeddable":true,"href":"https:\/\/www.vfspa.it\/it\/wp-json\/wp\/v2\/pages\/19"}],"wp:attachment":[{"href":"https:\/\/www.vfspa.it\/it\/wp-json\/wp\/v2\/media?parent=31"}],"curies":[{"name":"wp","href":"https:\/\/api.w.org\/{rel}","templated":true}]}}