{"id":973,"date":"2020-10-28T16:42:34","date_gmt":"2020-10-28T15:42:34","guid":{"rendered":"http:\/\/www.vfspa.it\/?page_id=973"},"modified":"2020-10-30T09:16:24","modified_gmt":"2020-10-30T08:16:24","slug":"termini-di-utilizzo","status":"publish","type":"page","link":"https:\/\/www.vfspa.it\/it\/termini-di-utilizzo\/","title":{"rendered":"Termini di utilizzo"},"content":{"rendered":"\n<div class=\"container\">\n        <div class=\"row\">\n            <div class=\"col-md-12 d-flex align-items-center\">\n                <p><strong>CONDIZIONI E TERMINI DI UTILIZZO DEL SITO WEB &#8220;WWW.VFSPA.IT&#8221;<\/strong><br \/><\/br>\nL&#8217;accesso al sito \u00e8 gratuito. Il Sito ha carattere puramente informativo. VF S.p.A., unico titolare del presente sito, ha l&#8217;esclusivo e insindacabile diritto di modificare, in tutto o in parte, senza alcun preavviso e a propria assoluta discrezione, il contenuto, le immagini, i termini e\/o le condizioni di accesso al Sito. VF S.p.A. potr\u00e0 pertanto in qualunque momento intervenire sul Sito al fine, puramente esemplificativo, di modificarne i contenuti, sospenderne l&#8217;accesso ovvero effettuarne la disconnessione sia nei confronti di ciascun Utilizzatore (d&#8217;ora in poi &#8220;l&#8217;Utente&#8221;) sia nei riguardi della generalit\u00e0 dei medesimi. Inoltre il portale e visibile dai seguenti domini internet http:\/\/www.vfspa.it, www.drening.com sui quali VF S.p.A. vanta i diritti editoriali esclusivi.\n<\/p>\n            <\/div>\n        <\/div>\n    <\/div>\n\n\n\n<div class=\"container\">\n        <div class=\"row\">\n            <div class=\"col-md-12 d-flex align-items-center\">\n                <p><br \/><strong>PROPRIETA&#8217; INTELLETTUALE<\/strong><br \/><\/br>\n1. E&#8217; vietata con qualsiasi mezzo analogico o digitale la riproduzione totale o parziale del Sito e\/o dei suoi contenuti senza il consenso scritto dell&#8217;Autore. 2. Tutti i diritti di autore e di propriet\u00e0 intellettuale relativi alla configurazione e all&#8217;organizzazione nonche&#8217; ai contenuti del Sito appartengono in via esclusiva alla ditta VF S.p.A. &#8211; Via Massimo D&#8217;Azeglio, 22\/24 &#8211; 36077 Altavilla Vic.na &#8211; VICENZA &#8211; Italia salvo diversamente indicato. 3. Il materiale e le informazioni fornite da VF S.p.A. sono rese accessibili all&#8217;Utente esclusivamente per il proprio uso personale. Non \u00e8 consentita, neppure in parte, alcuna forma di scaricamento o downloading su disco fisso salvo diversamente indicato nelle sezioni &#8220;Documentazione e Approfondimenti&#8221;. 4. Sono consentite citazioni parziali a titolo di cronaca, critica o recensione, purch\u00e9 accompagnate dall&#8217;indicazione della fonte VF S.p.A., compresa la URL &#8220;http:\/\/http:\/\/www.vfspa.it\/&#8221;. VF S.p.A. si riserva il diritto di riprodurre i testi in altre pubblicazioni e\/o programmi.\n<\/p>\n            <\/div>\n        <\/div>\n    <\/div>\n\n\n\n<div class=\"container\">\n        <div class=\"row\">\n            <div class=\"col-md-12 d-flex align-items-center\">\n                <p><br \/><strong>RESPONSABILITA&#8217;<\/strong><br \/><\/br>\n1. La responsabilit\u00e0 della navigazione sul Sito \u00e8 totalmente a carico dell&#8217;Utente. VF S.p.A. non riconosce nessuna garanzia, sia espressa o implicita, in relazione al Sito ed al suo contenuto, anche sul piano della completezza, accuratezza e qualit\u00e0. 2. L&#8217;Utente del Sito accetta che: (a) \u00e8 tecnicamente impossibile fornire un Sito privo di difetti, e che VF S.p.A. non si assume tale responsabilit\u00e0; (b) il Sito potrebbe essere temporaneamente inaccessibile; (c) il funzionamento del Sito potrebbe risentire di condizioni e prestazioni fuori del controllo di VF S.p.A.; (d) VF S.p.A. non \u00e8 responsabile per il materiale, i contenuti e\/o le informazioni forniti attraverso il Sito nonch\u00e9 per gli argomenti o le condotte assunte dall&#8217;Utente durante la navigazione nel Sito; (e) VF S.p.A. non esercita alcun controllo, n\u00e9 preventivo n\u00e9 posteriore, sui materiali e\/o temi introdotti e\/o trattati dall&#8217;Utente ivi compresi i temi da essi trattati mediante l&#8217;intervento e la pubblicazione di file nell&#8217;area FTP accessibili attraverso il Sito stesso previo registrazione dell&#8217;Utente; (f) VF S.p.A. non si assume alcuna responsabilit\u00e0 relativamente alla trasmissione sull&#8217;elaboratore dell&#8217;Utente di eventuali virus.\n<\/p>\n            <\/div>\n        <\/div>\n    <\/div>\n\n\n\n<div class=\"container\">\n        <div class=\"row\">\n            <div class=\"col-md-12 d-flex align-items-center\">\n                <p><br \/><strong>DISCLAIMER<\/strong><br \/><\/br>\nGli Utenti in possesso di password per l&#8217;accesso all&#8217;area FTP e l&#8217;upload di file nell&#8217;area stessa sono pienamente responsabili, anche legalmente, di tutti i loro comportamenti all&#8217;interno degli spazi del sito, e dei contenuti che pubblicano. Gli amministratori del sito http:\/\/http:\/\/www.vfspa.it, pur facendo il possibile per rimuovere i contenuti che violano il Regolamento, non esercitano alcun controllo preventivo sui contenuti pubblicati dagli utenti. Tali contenuti rispecchiano esclusivamente le opinioni dell&#8217;autore, e non quelle dei responsabili del sito, che non puo&#8217; quindi in nessun caso essere ritenuta responsabile di eventuali violazioni legate alla natura di questi contenuti. L&#8217;utente che intenda esercitare un diritto, una rivendicazione o un&#8217;azione contro un qualsiasi altro utente in merito all&#8217;utilizzo dei servizi del sito, si impegna a perseguire tale diritto, rivendicazione o azione, presso le Autorita&#8217; competenti, senza alcun obbligo di coinvolgimento da parte di VF S.p.A..\n<\/p>\n            <\/div>\n        <\/div>\n    <\/div>\n\n\n\n<div class=\"container\">\n        <div class=\"row\">\n            <div class=\"col-md-12 d-flex align-items-center\">\n                <p><br \/><strong>UTILIZZO DEL SITO<\/strong><br \/><\/br>\nL&#8217;Utente s&#8217;impegna a:<br \/>\n1. non utilizzare il Sito o il materiale in esso inserito per perseguire scopi illegali ovvero per divulgare o diffondere in qualsiasi modo materiale o contenuti preordinati alla commissione di attivit\u00e0 illecita;<br \/>\n2. non utilizzare il Sito in modo da interrompere, danneggiare o rendere meno efficiente una parte o la totalit\u00e0 del Sito o in modo da danneggiare in qualche modo l&#8217;efficacia o la funzionalit\u00e0 del Sito;\n<br \/>\n3. non utilizzare il Sito per la trasmissione o il collocamento di virus o qualsiasi altro materiale diffamatorio, offensivo, osceno o minaccioso o che in qualche modo possa danneggiare o disturbare altri Utenti;\n<br \/>\n4. non utilizzare il Sito in modo da costituire una violazione dei diritti di persone fisiche o giuridiche o ditte (compresi, ad esempio, i diritti di copyright o riservatezza); (e) non utilizzare il Sito per trasmettere materiale a scopo pubblicitario e\/o promozionale senza il permesso scritto di VF S.p.A.;\n<br \/>\n5. VF S.p.A. non esercita alcun controllo preventivo sui contenuti del Sito, per cui se l&#8217;Utente intende esercitare un diritto, una rivendicazione o un&#8217;azione contro un qualsiasi altro Utente in merito all&#8217;utilizzo del Sito, egli si impegna a perseguire tale diritto, rivendicazione o azione, indipendentemente e senza alcun coinvolgimento di VF S.p.A.; Ogni violazione sar\u00e0 segnalata agli organi di Polizia ed alle Magistrature competenti. Nel caso in cui l&#8217;Utente non accetti, in tutto o in parte, le suddette condizioni, si prega di uscire dal sito.\n<\/p>\n            <\/div>\n        <\/div>\n    <\/div>\n\n\n\n<p><\/p>\n","protected":false},"excerpt":{"rendered":"<p>CONDIZIONI E TERMINI DI UTILIZZO DEL SITO WEB &#8220;WWW.VFSPA.IT&#8221; L&#8217;accesso al sito \u00e8 gratuito. Il Sito ha carattere puramente informativo. VF S.p.A., unico titolare del presente sito, ha l&#8217;esclusivo e insindacabile diritto di modificare, in tutto o in parte, senza alcun preavviso e a propria assoluta discrezione, il contenuto, le immagini, i termini e\/o le [&hellip;]<\/p>\n","protected":false},"author":1,"featured_media":0,"parent":0,"menu_order":0,"comment_status":"closed","ping_status":"closed","template":"","meta":{"footnotes":""},"class_list":["post-973","page","type-page","status-publish","hentry"],"_links":{"self":[{"href":"https:\/\/www.vfspa.it\/it\/wp-json\/wp\/v2\/pages\/973","targetHints":{"allow":["GET"]}}],"collection":[{"href":"https:\/\/www.vfspa.it\/it\/wp-json\/wp\/v2\/pages"}],"about":[{"href":"https:\/\/www.vfspa.it\/it\/wp-json\/wp\/v2\/types\/page"}],"author":[{"embeddable":true,"href":"https:\/\/www.vfspa.it\/it\/wp-json\/wp\/v2\/users\/1"}],"replies":[{"embeddable":true,"href":"https:\/\/www.vfspa.it\/it\/wp-json\/wp\/v2\/comments?post=973"}],"version-history":[{"count":11,"href":"https:\/\/www.vfspa.it\/it\/wp-json\/wp\/v2\/pages\/973\/revisions"}],"predecessor-version":[{"id":1071,"href":"https:\/\/www.vfspa.it\/it\/wp-json\/wp\/v2\/pages\/973\/revisions\/1071"}],"wp:attachment":[{"href":"https:\/\/www.vfspa.it\/it\/wp-json\/wp\/v2\/media?parent=973"}],"curies":[{"name":"wp","href":"https:\/\/api.w.org\/{rel}","templated":true}]}}